{"id":15516,"date":"2016-05-17T08:32:07","date_gmt":"2016-05-17T08:32:07","guid":{"rendered":"https:\/\/erado.ee\/home-2\/"},"modified":"2023-05-08T16:58:19","modified_gmt":"2023-05-08T16:58:19","slug":"home-2","status":"publish","type":"page","link":"https:\/\/erado.ee\/en\/","title":{"rendered":"Homepage"},"content":{"rendered":"<p><section data-kc-parallax=\"true\" class=\"kc-elm kc-css-538803 kc_row\" style=\"position: relative\"><div class=\"kc-row-container\"><div class=\"kc-wrap-columns\"><div class=\"kc-elm kc-css-344311 kc_col-sm-12 kc_column kc_col-sm-12\"><div class=\"kc-col-container\"><div class=\"\">\n\t\t\t<!-- START homepage ENG REVOLUTION SLIDER 6.7.20 --><p class=\"rs-p-wp-fix\"><\/p>\n\t\t\t<rs-module-wrap id=\"rev_slider_2_1_wrapper\" data-source=\"gallery\" style=\"visibility:hidden;background:transparent;padding:0;margin:0px auto;margin-top:0;margin-bottom:0;\">\n\t\t\t\t<rs-module id=\"rev_slider_2_1\" style=\"\" data-version=\"6.7.20\">\n\t\t\t\t\t<rs-slides style=\"overflow: hidden; position: absolute;\">\n\t\t\t\t\t\t<rs-slide style=\"position: absolute;\" data-key=\"rs-2\" data-title=\"Slide\" data-anim=\"adpr:false;\">\n\t\t\t\t\t\t\t<img decoding=\"async\" src=\"\/\/erado.ee\/wp-content\/plugins\/revslider\/sr6\/assets\/assets\/dummy.png\" alt=\"\" title=\"Homepage\" class=\"rev-slidebg tp-rs-img rs-lazyload\" data-lazyload=\"\/\/erado.ee\/wp-content\/uploads\/2017\/01\/Avalehe-foto-1.jpg\" data-no-retina>\n<!--\n\t\t\t\t\t\t\t--><rs-layer\n\t\t\t\t\t\t\t\tid=\"slider-2-slide-2-layer-1\" \n\t\t\t\t\t\t\t\tdata-type=\"text\"\n\t\t\t\t\t\t\t\tdata-rsp_ch=\"on\"\n\t\t\t\t\t\t\t\tdata-xy=\"xo:5px;yo:170px;\"\n\t\t\t\t\t\t\t\tdata-text=\"s:36;l:22;fw:600;a:inherit;\"\n\t\t\t\t\t\t\t\tdata-frame_0=\"tp:600;\"\n\t\t\t\t\t\t\t\tdata-frame_1=\"tp:600;st:0;\"\n\t\t\t\t\t\t\t\tdata-frame_999=\"o:0;tp:600;st:w;sR:8700;\"\n\t\t\t\t\t\t\t\tstyle=\"z-index:5;font-family:'Poppins';\"\n\t\t\t\t\t\t\t>Construction preparatory and zero-cycle works \n\t\t\t\t\t\t\t<\/rs-layer><!--\n\n\t\t\t\t\t\t\t--><rs-layer\n\t\t\t\t\t\t\t\tid=\"slider-2-slide-2-layer-2\" \n\t\t\t\t\t\t\t\tdata-type=\"text\"\n\t\t\t\t\t\t\t\tdata-rsp_ch=\"on\"\n\t\t\t\t\t\t\t\tdata-xy=\"xo:3px;yo:212px;\"\n\t\t\t\t\t\t\t\tdata-text=\"s:26;l:22;a:inherit;\"\n\t\t\t\t\t\t\t\tdata-frame_0=\"tp:600;\"\n\t\t\t\t\t\t\t\tdata-frame_1=\"tp:600;st:0;\"\n\t\t\t\t\t\t\t\tdata-frame_999=\"o:0;tp:600;st:w;sR:8700;\"\n\t\t\t\t\t\t\t\tstyle=\"z-index:6;font-family:'Poppins';\"\n\t\t\t\t\t\t\t>We commit to the best quality in every project \n\t\t\t\t\t\t\t<\/rs-layer><!--\n-->\t\t\t\t\t<\/rs-slide>\n\t\t\t\t\t<\/rs-slides>\n\t\t\t\t<\/rs-module>\n\t\t\t\t<script>\n\t\t\t\t\tsetREVStartSize({c: 'rev_slider_2_1',rl:[1240,1024,778,480],el:[],gw:[1170,1024,778,480],gh:[515,768,960,720],type:'standard',justify:'',layout:'fullwidth',mh:\"0\"});if (window.RS_MODULES!==undefined && window.RS_MODULES.modules!==undefined && window.RS_MODULES.modules[\"revslider21\"]!==undefined) {window.RS_MODULES.modules[\"revslider21\"].once = false;window.revapi2 = undefined;if (window.RS_MODULES.checkMinimal!==undefined) window.RS_MODULES.checkMinimal()}\n\t\t\t\t<\/script>\n\t\t\t<\/rs-module-wrap>\n\t\t\t<!-- END REVOLUTION SLIDER -->\n<\/div><\/div><\/div><\/div><\/div><\/section><section id=\"teenused\" data-kc-parallax=\"true\" class=\"kc-elm kc-css-756114 kc_row\" style=\"position: relative\"><div class=\"kc-row-container  kc-container\"><div class=\"kc-wrap-columns\"><div class=\"kc-elm kc-css-679298 kc_col-of-5 kc_column kc_col-of-5 wow fadeInUp delay-02s\"><div class=\"kc-col-container\"><div class=\"kc-elm kc-css-609856 kc-feature-boxes kc-fb-layout-2\">\n\n\t<figure class=\"content-image\"><img decoding=\"async\" src=\"https:\/\/erado.ee\/wp-content\/uploads\/2023\/05\/excavator.png\" alt=\"\"><\/figure><div class=\"content-title\">Demolition works<\/div><div class=\"content-desc\"><ul>\r\n<li>Demolition of small buildings <\/li>\r\n<li>Inside demolitions<\/li>\r\n<li>Demolition of metal constructions<\/li>\r\n\r\n<\/div><div class=\"content-button\"><a href=\"\/teenused\" target=\"_self\" title=\"\">Loe l\u00e4hemalt<\/a><\/div>\n<\/div>\n<\/div><\/div><div class=\"kc-elm kc-css-255158 kc_col-of-5 kc_column kc_col-of-5 wow fadeInUp delay-02s\"><div class=\"kc-col-container\"><div class=\"kc-elm kc-css-63394 kc-feature-boxes kc-fb-layout-2\">\n\n\t<figure class=\"content-image\"><img decoding=\"async\" src=\"https:\/\/erado.ee\/wp-content\/uploads\/2023\/05\/stump.png\" alt=\"\"><\/figure><div class=\"content-title\">Deforestation and removal of root stumps<\/div><div class=\"content-desc\">Deforestation, clearance, or clearing is the removal of a forest or stand of trees where the land is thereafter converted to a non-forest use \u2013 either for farming, construction of buildings or infrastructure<\/div><div class=\"content-button\"><a href=\"\/teenused\" target=\"_self\" title=\"\">Loe l\u00e4hemalt<\/a><\/div>\n<\/div>\n<\/div><\/div><div class=\"kc-elm kc-css-798752 kc_col-of-5 kc_column kc_col-of-5\"><div class=\"kc-col-container\"><div class=\"kc-elm kc-css-560470 kc-feature-boxes kc-fb-layout-2 wow fadeInUp delay-02s\">\n\n\t<figure class=\"content-image\"><img decoding=\"async\" src=\"https:\/\/erado.ee\/wp-content\/uploads\/2023\/05\/worker.png\" alt=\"\"><\/figure><div class=\"content-title\">Gas cutting<\/div><div class=\"content-desc\">We perform both demolition of metal constructions and cutting in scrapyards<\/div><div class=\"content-button\"><a href=\"\/teenused\" target=\"_self\" title=\"\">Loe l\u00e4hemalt<\/a><\/div>\n<\/div>\n<\/div><\/div><div class=\"kc-elm kc-css-564421 kc_col-of-5 kc_column kc_col-of-5\"><div class=\"kc-col-container\"><div class=\"kc-elm kc-css-81856 kc-feature-boxes kc-fb-layout-2 wow fadeInUp delay-02s\">\n\n\t<figure class=\"content-image\"><img decoding=\"async\" src=\"https:\/\/erado.ee\/wp-content\/uploads\/2023\/05\/welding.png\" alt=\"\"><\/figure><div class=\"content-title\">Other ground constructions<\/div><div class=\"content-desc\"><ul>\r\n<li>Digging foundation trenches<\/li>\r\n<li>Construction of communication networks<\/li>\r\n<li>Construction of access roads<\/li>\r\n<li>Other ground works<\/li>\r\n<\/ul>\r\n<\/div><div class=\"content-button\"><a href=\"\/teenused\" target=\"_self\" title=\"\">Loe l\u00e4hemalt<\/a><\/div>\n<\/div>\n<\/div><\/div><div class=\"kc-elm kc-css-171756 kc_col-of-5 kc_column kc_col-of-5\"><div class=\"kc-col-container\"><div class=\"kc-elm kc-css-983152 kc-feature-boxes kc-fb-layout-2 wow fadeInUp delay-02s\">\n\n\t<figure class=\"content-image\"><img decoding=\"async\" src=\"https:\/\/erado.ee\/wp-content\/uploads\/2023\/05\/excavator-.png\" alt=\"\"><\/figure><div class=\"content-title\">Sihtide, kraavide ja liinikoridoride puhastamine ja rajamine<\/div><div class=\"content-desc\">Tehnorajatiste hooldamise k\u00e4igus eemaldatakse kasvav v\u00f5sa ja alusmets. Kasutades metsamaterjali energiatoormeks hoiame kulutused m\u00f5istlikkuse piires.\r\n<\/div><div class=\"content-button\"><a href=\"\/teenused\" target=\"_self\" title=\"\">Loe l\u00e4hemalt<\/a><\/div>\n<\/div>\n<\/div><\/div><\/div><\/div><\/section><section class=\"kc-elm kc-css-363594 kc_row\" style=\"position: relative\"><div class=\"kc-row-container  kc-container\"><div class=\"kc-wrap-columns\"><div class=\"kc-elm kc-css-905760 kc_col-sm-12 kc_column kc_col-sm-12 call_button\"><div class=\"kc-col-container\">\n<div class=\"kc-elm kc-css-115308 kc-call-to-action kc-cta-3 kc-is-button feature wow fadeInUp delay-02s\">\n\n\t<div class=\"kc-cta-desc\"><h2>Get in touch!<\/h2><div class=\"kc-cta-text\">Harvesting of underwood, Removal of root stocks Removal of root stocks or Maintenance of forest bourns, trenches and line corridors<\/div><\/div><div class=\"kc-cta-button\"><a href=\"\/en\/contact\">Contact us <span class=\"kc-cta-icon\"><i class=\"fa-caret-right\"><\/i><\/span><\/a><\/div>\n<\/div>\n<\/div><\/div><\/div><\/div><\/section><section id=\"kontakt\" class=\"kc-elm kc-css-58573 kc_row\" style=\"position: relative\"><div class=\"kc-row-container  kc-container\"><div class=\"kc-wrap-columns\"><div class=\"kc-elm kc-css-466757 kc_col-sm-4 kc_column kc_col-sm-4\"><div class=\"kc-col-container\"><div class=\"kc-elm kc-css-890340 kc_row kc_row_inner\"><div class=\"kc-elm kc-css-679293 kc_col-sm-12 kc_column_inner kc_col-sm-12\"><div class=\"kc_wrapper kc-col-inner-container\">\n<div class=\"kc-elm kc-css-961412 kc-title-wrap title title\">\n\n\tWhy to choose us<h1 class=\"kc_title\">Our advantages<\/h1>\n<\/div>\n<div class=\"kc-elm kc-css-799166\" style=\"height: 20px; clear: both; width:100%;\"><\/div><div class=\"kc-elm kc-css-981558 kc-feature-boxes kc-fb-layout-4 feature wow fadeInUp delay-02s\">\n\n\t<figure class=\"content-image\"><img decoding=\"async\" src=\"https:\/\/erado.ee\/wp-content\/uploads\/2018\/11\/linnuke3.png\" alt=\"\"><\/figure><div class=\"box-right\"><div class=\"content-title\">Efficiency<\/div><\/div>\n<\/div>\n<div class=\"kc-elm kc-css-953926 kc-feature-boxes kc-fb-layout-4 feature wow fadeInUp delay-02s\">\n\n\t<figure class=\"content-image\"><img decoding=\"async\" src=\"https:\/\/erado.ee\/wp-content\/uploads\/2018\/11\/linnuke3-1.png\" alt=\"\"><\/figure><div class=\"box-right\"><div class=\"content-title\">Credibility<\/div><\/div>\n<\/div>\n<div class=\"kc-elm kc-css-758094 kc-feature-boxes kc-fb-layout-4 feature wow fadeInUp delay-02s\">\n\n\t<figure class=\"content-image\"><img decoding=\"async\" src=\"https:\/\/erado.ee\/wp-content\/uploads\/2018\/11\/linnuke3-2.png\" alt=\"\"><\/figure><div class=\"box-right\"><div class=\"content-title\">Complete services<\/div><\/div>\n<\/div>\n<\/div><\/div><\/div><\/div><\/div><div class=\"kc-elm kc-css-73894 kc_col-sm-1 kc_column kc_col-sm-1\"><div class=\"kc-col-container\"><\/div><\/div><div class=\"kc-elm kc-css-819613 kc_col-sm-7 kc_column kc_col-sm-7\"><div class=\"kc-col-container\">\n<div class=\"kc-elm kc-css-542415 kc-title-wrap title title\">\n\n\tour company<h1 class=\"kc_title\">About us<\/h1>\n<\/div>\n<div class=\"kc-elm kc-css-712655 kc_text_block meisttekst\"><\/p>\n<p class=\"Normal tm5\"><span class=\"tm6\">Erado O\u00dc has been founded with the aim to provide flexible, complete and cost-efficient forrestry services, mainly related to energy wood activities. In addition to basic excavators we stress the importance of right equipment, which enable fast and efficient service, bringing along problem-free and cost efficient solution to our customers.<\/span><\/p>\n<p>\n<\/div><\/div><\/div><\/div><\/div><\/section><section class=\"kc-elm kc-css-397448 kc_row\" style=\"position: relative\"><div class=\"kc-row-container  kc-container\"><div class=\"kc-wrap-columns\"><div class=\"kc-elm kc-css-312960 kc_col-sm-12 kc_column kc_col-sm-12\"><div class=\"kc-col-container\"><div class=\"kc-elm kc-css-744021\" style=\"height: 20px; clear: both; width:100%;\"><\/div><\/div><\/div><\/div><\/div><\/section><\/p>\n","protected":false},"excerpt":{"rendered":"","protected":false},"author":1,"featured_media":0,"parent":0,"menu_order":0,"comment_status":"closed","ping_status":"closed","template":"","meta":{"footnotes":""},"class_list":["post-15516","page","type-page","status-publish","hentry","kingcomposer","kc-css-system","masthead-fixed"],"_links":{"self":[{"href":"https:\/\/erado.ee\/en\/wp-json\/wp\/v2\/pages\/15516","targetHints":{"allow":["GET"]}}],"collection":[{"href":"https:\/\/erado.ee\/en\/wp-json\/wp\/v2\/pages"}],"about":[{"href":"https:\/\/erado.ee\/en\/wp-json\/wp\/v2\/types\/page"}],"author":[{"embeddable":true,"href":"https:\/\/erado.ee\/en\/wp-json\/wp\/v2\/users\/1"}],"replies":[{"embeddable":true,"href":"https:\/\/erado.ee\/en\/wp-json\/wp\/v2\/comments?post=15516"}],"version-history":[{"count":14,"href":"https:\/\/erado.ee\/en\/wp-json\/wp\/v2\/pages\/15516\/revisions"}],"predecessor-version":[{"id":15677,"href":"https:\/\/erado.ee\/en\/wp-json\/wp\/v2\/pages\/15516\/revisions\/15677"}],"wp:attachment":[{"href":"https:\/\/erado.ee\/en\/wp-json\/wp\/v2\/media?parent=15516"}],"curies":[{"name":"wp","href":"https:\/\/api.w.org\/{rel}","templated":true}]}}